{"id":350,"date":"2020-08-19T05:21:42","date_gmt":"2020-08-19T05:21:42","guid":{"rendered":"http:\/\/localhost\/wordpress\/index.php\/services\/"},"modified":"2025-01-16T14:46:52","modified_gmt":"2025-01-16T13:46:52","slug":"services","status":"publish","type":"page","link":"https:\/\/sitkowscy.com.pl\/index.php\/services\/","title":{"rendered":"Services"},"content":{"rendered":"\t\t<div data-elementor-type=\"wp-page\" data-elementor-id=\"350\" class=\"elementor elementor-350\" data-elementor-settings=\"[]\">\n\t\t\t\t\t\t<div class=\"elementor-inner\">\n\t\t\t\t\t\t\t<div class=\"elementor-section-wrap\">\n\t\t\t\t\t\t\t<section class=\"elementor-section elementor-top-section elementor-element elementor-element-3643de7 elementor-section-boxed elementor-section-height-default elementor-section-height-default\" data-id=\"3643de7\" data-element_type=\"section\" data-settings=\"{&quot;background_background&quot;:&quot;classic&quot;}\">\n\t\t\t\t\t\t\t<div class=\"elementor-background-overlay\"><\/div>\n\t\t\t\t\t\t\t<div class=\"elementor-container elementor-column-gap-no\">\n\t\t\t\t\t\t\t<div class=\"elementor-row\">\n\t\t\t\t\t<div class=\"elementor-column elementor-col-100 elementor-top-column elementor-element elementor-element-e5a2303\" data-id=\"e5a2303\" data-element_type=\"column\">\n\t\t\t<div class=\"elementor-column-wrap elementor-element-populated\">\n\t\t\t\t\t\t\t<div class=\"elementor-widget-wrap\">\n\t\t\t\t\t\t<div class=\"elementor-element elementor-element-394c2fd elementor-widget elementor-widget-heading\" data-id=\"394c2fd\" data-element_type=\"widget\" data-widget_type=\"heading.default\">\n\t\t\t\t<div class=\"elementor-widget-container\">\n\t\t\t<h1 class=\"elementor-heading-title elementor-size-default\">Nasza Oferta<\/h1>\t\t<\/div>\n\t\t\t\t<\/div>\n\t\t\t\t<div class=\"elementor-element elementor-element-4e50472 elementor-widget elementor-widget-text-editor\" data-id=\"4e50472\" data-element_type=\"widget\" data-widget_type=\"text-editor.default\">\n\t\t\t\t<div class=\"elementor-widget-container\">\n\t\t\t\t\t\t\t\t<div class=\"elementor-text-editor elementor-clearfix\">\n\t\t\t\t\t\t\t\t\t<\/div>\n\t\t\t\t\t\t<\/div>\n\t\t\t\t<\/div>\n\t\t\t\t\t\t<\/div>\n\t\t\t\t\t<\/div>\n\t\t<\/div>\n\t\t\t\t\t\t\t\t<\/div>\n\t\t\t\t\t<\/div>\n\t\t<\/section>\n\t\t\t\t<section class=\"elementor-section elementor-top-section elementor-element elementor-element-da19b72 elementor-section-boxed elementor-section-height-default elementor-section-height-default\" data-id=\"da19b72\" data-element_type=\"section\" data-settings=\"{&quot;background_background&quot;:&quot;gradient&quot;}\">\n\t\t\t\t\t\t<div class=\"elementor-container elementor-column-gap-no\">\n\t\t\t\t\t\t\t<div class=\"elementor-row\">\n\t\t\t\t\t<div class=\"elementor-column elementor-col-100 elementor-top-column elementor-element elementor-element-cd14589\" data-id=\"cd14589\" data-element_type=\"column\">\n\t\t\t<div class=\"elementor-column-wrap elementor-element-populated\">\n\t\t\t\t\t\t\t<div class=\"elementor-widget-wrap\">\n\t\t\t\t\t\t<div class=\"elementor-element elementor-element-8e23153 elementor-view-default elementor-widget elementor-widget-icon\" data-id=\"8e23153\" data-element_type=\"widget\" data-widget_type=\"icon.default\">\n\t\t\t\t<div class=\"elementor-widget-container\">\n\t\t\t\t\t<div class=\"elementor-icon-wrapper\">\n\t\t\t<div class=\"elementor-icon\">\n\t\t\t<svg xmlns=\"http:\/\/www.w3.org\/2000\/svg\" width=\"21\" height=\"8\" viewBox=\"0 0 21 8\" fill=\"none\"><path d=\"M7 0H13L6 8H0L7 0Z\" fill=\"#E65644\"><\/path><path d=\"M13 0H7L15 8H21L13 0Z\" fill=\"#C95747\"><\/path><\/svg>\t\t\t<\/div>\n\t\t<\/div>\n\t\t\t\t<\/div>\n\t\t\t\t<\/div>\n\t\t\t\t<div class=\"elementor-element elementor-element-9b2049b elementor-widget elementor-widget-heading\" data-id=\"9b2049b\" data-element_type=\"widget\" data-widget_type=\"heading.default\">\n\t\t\t\t<div class=\"elementor-widget-container\">\n\t\t\t<h2 class=\"elementor-heading-title elementor-size-default\">Us\u0142ugi budowlane Monta\u017cowe dekarskie budownictwo przemys\u0142owe<br>Us\u0142ugi podno\u015bnikiem koszowym <\/h2>\t\t<\/div>\n\t\t\t\t<\/div>\n\t\t\t\t<div class=\"elementor-element elementor-element-729982c elementor-widget elementor-widget-text-editor\" data-id=\"729982c\" data-element_type=\"widget\" data-widget_type=\"text-editor.default\">\n\t\t\t\t<div class=\"elementor-widget-container\">\n\t\t\t\t\t\t\t\t<div class=\"elementor-text-editor elementor-clearfix\">\n\t\t\t\t<p>\u015awiadczymy us\u0142ugi na rzecz firm oraz os\u00f3b indywidualnych. Prace wyceniane s\u0105 indywidualnie, w zale\u017cno\u015bci od zastosowanych materia\u0142\u00f3w i technologii. Do ka\u017cdego zlecenia podchodzimy profesjonalnie, zgodnie z obowi\u0105zuj\u0105cymi przepisami i wiedz\u0105 techniczn\u0105, terminowo wywi\u0105zujemy si\u0119 z zawartych um\u00f3w. W przypadku w\u0105tpliwo\u015bci staramy si\u0119 s\u0142u\u017cy\u0107 nasz\u0105 wiedz\u0105 i do\u015bwiadczeniem.<\/p>\t\t\t\t\t<\/div>\n\t\t\t\t\t\t<\/div>\n\t\t\t\t<\/div>\n\t\t\t\t<section class=\"elementor-section elementor-inner-section elementor-element elementor-element-533e517 elementor-section-boxed elementor-section-height-default elementor-section-height-default\" data-id=\"533e517\" data-element_type=\"section\">\n\t\t\t\t\t\t<div class=\"elementor-container elementor-column-gap-no\">\n\t\t\t\t\t\t\t<div class=\"elementor-row\">\n\t\t\t\t\t<div class=\"elementor-column elementor-col-25 elementor-inner-column elementor-element elementor-element-3ad2ac3\" data-id=\"3ad2ac3\" data-element_type=\"column\" data-settings=\"{&quot;background_background&quot;:&quot;classic&quot;}\">\n\t\t\t<div class=\"elementor-column-wrap elementor-element-populated\">\n\t\t\t\t\t\t\t<div class=\"elementor-widget-wrap\">\n\t\t\t\t\t\t<div class=\"elementor-element elementor-element-ff53faa elementor-widget elementor-widget-heading\" data-id=\"ff53faa\" data-element_type=\"widget\" data-widget_type=\"heading.default\">\n\t\t\t\t<div class=\"elementor-widget-container\">\n\t\t\t<h6 class=\"elementor-heading-title elementor-size-default\">01.<\/h6>\t\t<\/div>\n\t\t\t\t<\/div>\n\t\t\t\t<div class=\"elementor-element elementor-element-d17ff37 elementor-view-default elementor-vertical-align-top elementor-widget elementor-widget-icon-box\" data-id=\"d17ff37\" data-element_type=\"widget\" data-widget_type=\"icon-box.default\">\n\t\t\t\t<div class=\"elementor-widget-container\">\n\t\t\t\t\t<div class=\"elementor-icon-box-wrapper\">\n\t\t\t\t\t\t<div class=\"elementor-icon-box-content\">\n\t\t\t\t<h4 class=\"elementor-icon-box-title\">\n\t\t\t\t\t<span  >\n\t\t\t\t\t\tUs\u0142ugi dekarskie<br>( PVC, EPDM, bitumiczne SBS)<br>\t\t\t\t\t<\/span>\n\t\t\t\t<\/h4>\n\t\t\t\t\t\t\t\t\t<p class=\"elementor-icon-box-description\">\n\t\t\t\t\t\t1. Pokrycia dachowe :<br>\n  (przemys\u0142owe, tradycyjne).<br>\n2. Hydroizolacje.<br>\n3. Remonty dach\u00f3w.<br>\n4. Naprawy nieszczelno\u015bci dach\u00f3w.<br>\n5. Demonta\u017c eternitu.<br>\n6. Izolacje balkon\u00f3w i taras\u00f3w.<br>\n7. Krycie dach\u00f3w blachodach\u00f3wk\u0105 i     \n  dach\u00f3wk\u0105.<br>\n8. Pokrycia dachowe z zastosowaniem  posypki z \u0142upka skalnego.<br>9. Monta\u017c membran dachowych.<br>10. Krycie pap\u0105.<br>11. Przegl\u0105dy okresowe dach\u00f3w.\t\t\t\t\t<\/p>\n\t\t\t\t\t\t\t<\/div>\n\t\t<\/div>\n\t\t\t\t<\/div>\n\t\t\t\t<\/div>\n\t\t\t\t\t\t<\/div>\n\t\t\t\t\t<\/div>\n\t\t<\/div>\n\t\t\t\t<div class=\"elementor-column elementor-col-25 elementor-inner-column elementor-element elementor-element-595b9b8\" data-id=\"595b9b8\" data-element_type=\"column\" data-settings=\"{&quot;background_background&quot;:&quot;classic&quot;}\">\n\t\t\t<div class=\"elementor-column-wrap elementor-element-populated\">\n\t\t\t\t\t\t\t<div class=\"elementor-widget-wrap\">\n\t\t\t\t\t\t<div class=\"elementor-element elementor-element-8ea56fe elementor-widget elementor-widget-heading\" data-id=\"8ea56fe\" data-element_type=\"widget\" data-widget_type=\"heading.default\">\n\t\t\t\t<div class=\"elementor-widget-container\">\n\t\t\t<h6 class=\"elementor-heading-title elementor-size-default\">02.<\/h6>\t\t<\/div>\n\t\t\t\t<\/div>\n\t\t\t\t<div class=\"elementor-element elementor-element-f3c8e84 elementor-view-default elementor-vertical-align-top elementor-widget elementor-widget-icon-box\" data-id=\"f3c8e84\" data-element_type=\"widget\" data-widget_type=\"icon-box.default\">\n\t\t\t\t<div class=\"elementor-widget-container\">\n\t\t\t\t\t<div class=\"elementor-icon-box-wrapper\">\n\t\t\t\t\t\t<div class=\"elementor-icon-box-content\">\n\t\t\t\t<h4 class=\"elementor-icon-box-title\">\n\t\t\t\t\t<span  >\n\t\t\t\t\t\tBudownictwo przemys\u0142owe <br><br>\n\t\t\t\t\t<\/span>\n\t\t\t\t<\/h4>\n\t\t\t\t\t\t\t\t\t<p class=\"elementor-icon-box-description\">\n\t\t\t\t\t\t1. Monta\u017c p\u0142yt warstwowych.<br>\n2. Monta\u017c blach trapezowych.<br>3. Monta\u017c membran dachowych.<br>4. Krycie dach\u00f3w pap\u0105.<br>\n3. Termoizolacja.<br>\n4. Hydroizolacja.<br>\n5. Systemy kasetowe.<br>6. Przegl\u0105dy serwisowe dach\u00f3w :  <br>-  konserwacja i naprawy miejscowe dach\u00f3w,<br>- renowacje i naprawy dach\u00f3w z papy,<br>- naprawa dach\u00f3w z membrany,<br>- mycie dach\u00f3w,<br>- przegl\u0105dy okresowe dach\u00f3w,<br>- od\u015bnie\u017canie dach\u00f3w,<br>- renowacje i naprawy dach\u00f3w z blachy,<br>- malowanie dach\u00f3w.\t\t\t\t\t<\/p>\n\t\t\t\t\t\t\t<\/div>\n\t\t<\/div>\n\t\t\t\t<\/div>\n\t\t\t\t<\/div>\n\t\t\t\t\t\t<\/div>\n\t\t\t\t\t<\/div>\n\t\t<\/div>\n\t\t\t\t<div class=\"elementor-column elementor-col-25 elementor-inner-column elementor-element elementor-element-d02c28c\" data-id=\"d02c28c\" data-element_type=\"column\" data-settings=\"{&quot;background_background&quot;:&quot;classic&quot;}\">\n\t\t\t<div class=\"elementor-column-wrap elementor-element-populated\">\n\t\t\t\t\t\t\t<div class=\"elementor-widget-wrap\">\n\t\t\t\t\t\t<div class=\"elementor-element elementor-element-f523158 elementor-widget elementor-widget-heading\" data-id=\"f523158\" data-element_type=\"widget\" data-widget_type=\"heading.default\">\n\t\t\t\t<div class=\"elementor-widget-container\">\n\t\t\t<h6 class=\"elementor-heading-title elementor-size-default\">03.<\/h6>\t\t<\/div>\n\t\t\t\t<\/div>\n\t\t\t\t<div class=\"elementor-element elementor-element-bcdb293 elementor-view-default elementor-vertical-align-top elementor-widget elementor-widget-icon-box\" data-id=\"bcdb293\" data-element_type=\"widget\" data-widget_type=\"icon-box.default\">\n\t\t\t\t<div class=\"elementor-widget-container\">\n\t\t\t\t\t<div class=\"elementor-icon-box-wrapper\">\n\t\t\t\t\t\t<div class=\"elementor-icon-box-content\">\n\t\t\t\t<h4 class=\"elementor-icon-box-title\">\n\t\t\t\t\t<span  >\n\t\t\t\t\t\tUs\u0142ugi budowlane<br>Remonty kompleksowe\n<br><br>\t\t\t\t\t<\/span>\n\t\t\t\t<\/h4>\n\t\t\t\t\t\t\t\t\t<p class=\"elementor-icon-box-description\">\n\t\t\t\t\t\t1. Wykonanie elewacji drewnianych.<br>2. Hydroizolacje fundament\u00f3w pap\u0105 termozgrzewaln\u0105.<br>3. Wykonanie stolarki okiennej.<br>4. Wykonanie stolarki drzwiowej.<br>5. Remonty elewacji zewn\u0119trzne.<br>6. Prace budowlane wewn\u0105trz budynk\u00f3w.\t\t\t\t\t<\/p>\n\t\t\t\t\t\t\t<\/div>\n\t\t<\/div>\n\t\t\t\t<\/div>\n\t\t\t\t<\/div>\n\t\t\t\t\t\t<\/div>\n\t\t\t\t\t<\/div>\n\t\t<\/div>\n\t\t\t\t<div class=\"elementor-column elementor-col-25 elementor-inner-column elementor-element elementor-element-2f00cf8\" data-id=\"2f00cf8\" data-element_type=\"column\" data-settings=\"{&quot;background_background&quot;:&quot;classic&quot;}\">\n\t\t\t<div class=\"elementor-column-wrap elementor-element-populated\">\n\t\t\t\t\t\t\t<div class=\"elementor-widget-wrap\">\n\t\t\t\t\t\t<div class=\"elementor-element elementor-element-6b4022c elementor-widget elementor-widget-heading\" data-id=\"6b4022c\" data-element_type=\"widget\" data-widget_type=\"heading.default\">\n\t\t\t\t<div class=\"elementor-widget-container\">\n\t\t\t<h6 class=\"elementor-heading-title elementor-size-default\">04.<\/h6>\t\t<\/div>\n\t\t\t\t<\/div>\n\t\t\t\t<div class=\"elementor-element elementor-element-cbc5131 elementor-view-default elementor-vertical-align-top elementor-widget elementor-widget-icon-box\" data-id=\"cbc5131\" data-element_type=\"widget\" data-widget_type=\"icon-box.default\">\n\t\t\t\t<div class=\"elementor-widget-container\">\n\t\t\t\t\t<div class=\"elementor-icon-box-wrapper\">\n\t\t\t\t\t\t<div class=\"elementor-icon-box-content\">\n\t\t\t\t<h4 class=\"elementor-icon-box-title\">\n\t\t\t\t\t<span  >\n\t\t\t\t\t\tUs\u0142ugi Podno\u015bnikiem koszowym\t\t\t\t\t<\/span>\n\t\t\t\t<\/h4>\n\t\t\t\t\t\t\t\t\t<p class=\"elementor-icon-box-description\">\n\t\t\t\t\t\t1. Monta\u017c.<br>2. Kontrola.<br>3. Czyszczenie.<br>4. Konserwacja.<br>5. Malowanie.<br>\t\t\t\t\t<\/p>\n\t\t\t\t\t\t\t<\/div>\n\t\t<\/div>\n\t\t\t\t<\/div>\n\t\t\t\t<\/div>\n\t\t\t\t\t\t<\/div>\n\t\t\t\t\t<\/div>\n\t\t<\/div>\n\t\t\t\t\t\t\t\t<\/div>\n\t\t\t\t\t<\/div>\n\t\t<\/section>\n\t\t\t\t\t\t<\/div>\n\t\t\t\t\t<\/div>\n\t\t<\/div>\n\t\t\t\t\t\t\t\t<\/div>\n\t\t\t\t\t<\/div>\n\t\t<\/section>\n\t\t\t\t<section class=\"elementor-section elementor-top-section elementor-element elementor-element-a126adb elementor-section-boxed elementor-section-height-default elementor-section-height-default\" data-id=\"a126adb\" data-element_type=\"section\" data-settings=\"{&quot;background_background&quot;:&quot;classic&quot;}\">\n\t\t\t\t\t\t<div class=\"elementor-container elementor-column-gap-no\">\n\t\t\t\t\t\t\t<div class=\"elementor-row\">\n\t\t\t\t\t<div class=\"elementor-column elementor-col-100 elementor-top-column elementor-element elementor-element-c3c3289\" data-id=\"c3c3289\" data-element_type=\"column\">\n\t\t\t<div class=\"elementor-column-wrap elementor-element-populated\">\n\t\t\t\t\t\t\t<div class=\"elementor-widget-wrap\">\n\t\t\t\t\t\t<section class=\"elementor-section elementor-inner-section elementor-element elementor-element-807211c elementor-section-height-min-height elementor-section-boxed elementor-section-height-default\" data-id=\"807211c\" data-element_type=\"section\" data-settings=\"{&quot;background_background&quot;:&quot;classic&quot;}\">\n\t\t\t\t\t\t<div class=\"elementor-container elementor-column-gap-no\">\n\t\t\t\t\t\t\t<div class=\"elementor-row\">\n\t\t\t\t\t<div class=\"elementor-column elementor-col-100 elementor-inner-column elementor-element elementor-element-6e55ecd\" data-id=\"6e55ecd\" data-element_type=\"column\">\n\t\t\t<div class=\"elementor-column-wrap elementor-element-populated\">\n\t\t\t\t\t\t\t<div class=\"elementor-widget-wrap\">\n\t\t\t\t\t\t<div class=\"elementor-element elementor-element-438d50b elementor-view-default elementor-widget elementor-widget-icon\" data-id=\"438d50b\" data-element_type=\"widget\" data-widget_type=\"icon.default\">\n\t\t\t\t<div class=\"elementor-widget-container\">\n\t\t\t\t\t<div class=\"elementor-icon-wrapper\">\n\t\t\t<div class=\"elementor-icon\">\n\t\t\t<svg xmlns=\"http:\/\/www.w3.org\/2000\/svg\" width=\"21\" height=\"8\" viewBox=\"0 0 21 8\" fill=\"none\"><path d=\"M7 0H13L6 8H0L7 0Z\" fill=\"#E65644\"><\/path><path d=\"M13 0H7L15 8H21L13 0Z\" fill=\"#C95747\"><\/path><\/svg>\t\t\t<\/div>\n\t\t<\/div>\n\t\t\t\t<\/div>\n\t\t\t\t<\/div>\n\t\t\t\t<div class=\"elementor-element elementor-element-97eba5d elementor-widget elementor-widget-heading\" data-id=\"97eba5d\" data-element_type=\"widget\" data-widget_type=\"heading.default\">\n\t\t\t\t<div class=\"elementor-widget-container\">\n\t\t\t<h2 class=\"elementor-heading-title elementor-size-default\">budownictwo Przemys\u0142owe<\/h2>\t\t<\/div>\n\t\t\t\t<\/div>\n\t\t\t\t<div class=\"elementor-element elementor-element-423e680 elementor-widget elementor-widget-text-editor\" data-id=\"423e680\" data-element_type=\"widget\" data-widget_type=\"text-editor.default\">\n\t\t\t\t<div class=\"elementor-widget-container\">\n\t\t\t\t\t\t\t\t<div class=\"elementor-text-editor elementor-clearfix\">\n\t\t\t\t\t\t\t\t\t<\/div>\n\t\t\t\t\t\t<\/div>\n\t\t\t\t<\/div>\n\t\t\t\t\t\t<\/div>\n\t\t\t\t\t<\/div>\n\t\t<\/div>\n\t\t\t\t\t\t\t\t<\/div>\n\t\t\t\t\t<\/div>\n\t\t<\/section>\n\t\t\t\t<section class=\"elementor-section elementor-inner-section elementor-element elementor-element-e368f13 elementor-section-height-min-height elementor-section-boxed elementor-section-height-default\" data-id=\"e368f13\" data-element_type=\"section\" data-settings=\"{&quot;background_background&quot;:&quot;classic&quot;}\">\n\t\t\t\t\t\t<div class=\"elementor-container elementor-column-gap-no\">\n\t\t\t\t\t\t\t<div class=\"elementor-row\">\n\t\t\t\t\t<div class=\"elementor-column elementor-col-100 elementor-inner-column elementor-element elementor-element-9aa5d0d\" data-id=\"9aa5d0d\" data-element_type=\"column\">\n\t\t\t<div class=\"elementor-column-wrap elementor-element-populated\">\n\t\t\t\t\t\t\t<div class=\"elementor-widget-wrap\">\n\t\t\t\t\t\t<div class=\"elementor-element elementor-element-4dec946 elementor-view-default elementor-widget elementor-widget-icon\" data-id=\"4dec946\" data-element_type=\"widget\" data-widget_type=\"icon.default\">\n\t\t\t\t<div class=\"elementor-widget-container\">\n\t\t\t\t\t<div class=\"elementor-icon-wrapper\">\n\t\t\t<div class=\"elementor-icon\">\n\t\t\t<svg xmlns=\"http:\/\/www.w3.org\/2000\/svg\" width=\"21\" height=\"8\" viewBox=\"0 0 21 8\" fill=\"none\"><path d=\"M7 0H13L6 8H0L7 0Z\" fill=\"#E65644\"><\/path><path d=\"M13 0H7L15 8H21L13 0Z\" fill=\"#C95747\"><\/path><\/svg>\t\t\t<\/div>\n\t\t<\/div>\n\t\t\t\t<\/div>\n\t\t\t\t<\/div>\n\t\t\t\t<div class=\"elementor-element elementor-element-3e739bd elementor-widget elementor-widget-heading\" data-id=\"3e739bd\" data-element_type=\"widget\" data-widget_type=\"heading.default\">\n\t\t\t\t<div class=\"elementor-widget-container\">\n\t\t\t<h2 class=\"elementor-heading-title elementor-size-default\">Pokrycia mieszkalne<\/h2>\t\t<\/div>\n\t\t\t\t<\/div>\n\t\t\t\t<div class=\"elementor-element elementor-element-7bdae61 elementor-widget elementor-widget-text-editor\" data-id=\"7bdae61\" data-element_type=\"widget\" data-widget_type=\"text-editor.default\">\n\t\t\t\t<div class=\"elementor-widget-container\">\n\t\t\t\t\t\t\t\t<div class=\"elementor-text-editor elementor-clearfix\">\n\t\t\t\t\t\t\t\t\t<\/div>\n\t\t\t\t\t\t<\/div>\n\t\t\t\t<\/div>\n\t\t\t\t\t\t<\/div>\n\t\t\t\t\t<\/div>\n\t\t<\/div>\n\t\t\t\t\t\t\t\t<\/div>\n\t\t\t\t\t<\/div>\n\t\t<\/section>\n\t\t\t\t\t\t<\/div>\n\t\t\t\t\t<\/div>\n\t\t<\/div>\n\t\t\t\t\t\t\t\t<\/div>\n\t\t\t\t\t<\/div>\n\t\t<\/section>\n\t\t\t\t<section class=\"elementor-section elementor-top-section elementor-element elementor-element-83797f6 elementor-section-boxed elementor-section-height-default elementor-section-height-default\" data-id=\"83797f6\" data-element_type=\"section\">\n\t\t\t\t\t\t<div class=\"elementor-container elementor-column-gap-no\">\n\t\t\t\t\t\t\t<div class=\"elementor-row\">\n\t\t\t\t\t<div class=\"elementor-column elementor-col-100 elementor-top-column elementor-element elementor-element-c5fcef7\" data-id=\"c5fcef7\" data-element_type=\"column\">\n\t\t\t<div class=\"elementor-column-wrap elementor-element-populated\">\n\t\t\t\t\t\t\t<div class=\"elementor-widget-wrap\">\n\t\t\t\t\t\t<div class=\"elementor-element elementor-element-4b05614 elementor-widget elementor-widget-heading\" data-id=\"4b05614\" data-element_type=\"widget\" data-widget_type=\"heading.default\">\n\t\t\t\t<div class=\"elementor-widget-container\">\n\t\t\t<div class=\"elementor-heading-title elementor-size-default\"><b>\nUS\u0141UGI PODNO\u015aNIKIEM KOSZOWYM<\/b><br><br>\n\n\u015awiadczymy us\u0142ugi podno\u015bnikiem koszowym na samochodzie z operatorem.<br>\n\nPoni\u017cej znajduj\u0105 si\u0119 dane techniczne urz\u0105dzenia.    <br> <br>\n\n\nZwy\u017cki na samochodach, znane r\u00f3wnie\u017c jako podno\u015bniki koszowe, s\u0105 idealnym rozwi\u0105zaniem do takich prac na wysoko\u015bci jak: prace dekarskie, blacharskie, monta\u017cowe, na elewacjach, naprawa i czyszczenie rynien, naprawa linii energetycznych, telefonicznych, \u015bwiate\u0142 ulicznych czy dach\u00f3w, inspekcja most\u00f3w lub budynk\u00f3w, monta\u017c reklam, baner\u00f3w, dekoracji \u015bwi\u0105tecznych, piel\u0119gnacja zieleni, usuwanie sopli, mycie elewacji i czyszczenie elewacji. <br><br>\nJako firma specjalizujemy si\u0119 przede wszystkim w zakresie monta\u017cu pokry\u0107 dachowych. <br>\n\nPodno\u015bnik koszowy to rodzaj podestu ruchomego, kt\u00f3ry wyposa\u017cony jest w rami\u0119 hydrauliczne - inaczej wysi\u0119gnik, na ko\u0144cu kt\u00f3rego zamontowany jest kosz z zabezpieczeniami. Wysi\u0119gnik wraz z koszem s\u0105 najbardziej charakterystycznymi elementami podno\u015bnik\u00f3w koszowych. Maszyny te, wykorzystywane s\u0105 zwykle jako platforma robocza dla pracownik\u00f3w, kt\u00f3rzy pracuj\u0105 na wysoko\u015bciach. Mo\u017cna r\u00f3wnie\u017c u\u017cywa\u0107 urz\u0105dzenie jako podest do podnoszenia  materia\u0142\u00f3w.\nZalet\u0105 podno\u015bnika koszowego jest swoboda manewrowania w p\u0142aszczy\u017anie poziomej oraz pionowej, dzi\u0119ki temu mo\u017cna ustawi\u0107 urz\u0105dzenie praktycznie w ka\u017cdym miejscu.\nWszystkich zainteresowanych mo\u017cliwo\u015bciami podno\u015bnika na samochodzie serdecznie zapraszamy do skorzystania z us\u0142ug. \nAby pozna\u0107 cen\u0119 wynajmu podno\u015bnika koszowego z operatorem, zapraszamy do kontaktu telefonicznego, mailowego. Ceny mog\u0105 si\u0119 r\u00f3\u017cni\u0107, na przyk\u0142ad koszt wynajmu kr\u00f3tkoterminowego mo\u017ce by\u0107 wy\u017cszy ni\u017c w przypadku d\u0142ugoterminowego zlecenia.<br><br>\n\n\n<b>Dane techniczne:<\/b><br><b> <\/b>\nTyp urz\u0105dzenia: Wumag, model WT 270, podest ruchomy na samochodzie MAN TGL 7.150 <br>\nMaksymalna wysoko\u015b\u0107 robocza : 27 m<br>\nUd\u017awig : 350 kg<br>\nMaksymalna wysoko\u015b\u0107 podnoszenia : 25 m<br>\nMaksymalna d\u0142ugo\u015b\u0107 wysi\u0119gu bocznego : 20 m<br>\nMaksymalny obr\u00f3t kosza : 2 x 80 stopnia<br>\nWymiary kosza roboczego : 1,60 m x 0,80 m<br>\nWysoko\u015b\u0107 pojazdu 3,42 m<br>\nSzeroko\u015b\u0107 pojazdu 2,52 m<br>\nD\u0142ugo\u015b\u0107 pojazdu 8,13 m <br>\nMasa w\u0142asna pojazdu  7355 kg<br><br>\n\n\n<b>Cechy szczeg\u00f3lne:<\/b><br>\n\u2022\tNiewielka szeroko\u015b\u0107 podparcia z du\u017c\u0105 zdolno\u015bci\u0105 poziomowania<br> \n\u2022\tP\u0142ynne i g\u0142adkie prowadzenie teleskop\u00f3w dzi\u0119ki zoptymalizowanym \u0142o\u017cyskom \u015blizgowym i odpornym na odkszta\u0142cenie profilom <br>\n\u2022\tPrecyzyjne regulowanie i solidne starowanie elektryczno-hydrauliczne za pomoc\u0105 technologii CAN-BUS<br>\n\u2022\tElektryczno-hydrauliczne poziomowanie kosza <br>\n\u2022\tOgranicznik momentu obci\u0105\u017cenia kontrolowany elektronicznie, okre\u015bla obszar roboczy zale\u017cny od aktualnego obci\u0105\u017cenia kosza i ustawienia podp\u00f3r <br><br>\n<b>\nInformacje dodatkowe:<\/b><br>\nPunkty kotwiczenia dla uprz\u0119\u017cy bezpiecze\u0144stwa w koszu. <br>\nGniazdo 230V w koszu. <br><br>\n\n\u015awiadczymy us\u0142ugi na terenie wojew\u00f3dztwa pomorskiego. \nPoni\u017cej znajd\u0105 Pa\u0144stwo dane do kontaktu z nami. Zapraszamy!<br>\nKontakt telefoniczny: 506502527<br>\nE-mail: bmd.sitkowski@o2.pl \n<\/div>\t\t<\/div>\n\t\t\t\t<\/div>\n\t\t\t\t\t\t<\/div>\n\t\t\t\t\t<\/div>\n\t\t<\/div>\n\t\t\t\t\t\t\t\t<\/div>\n\t\t\t\t\t<\/div>\n\t\t<\/section>\n\t\t\t\t\t\t<\/div>\n\t\t\t\t\t\t<\/div>\n\t\t\t\t\t<\/div>\n\t\t","protected":false},"excerpt":{"rendered":"<p>Nasza Oferta Us\u0142ugi budowlane Monta\u017cowe dekarskie budownictwo przemys\u0142oweUs\u0142ugi podno\u015bnikiem koszowym \u015awiadczymy us\u0142ugi na rzecz firm oraz os\u00f3b indywidualnych. Prace wyceniane s\u0105 indywidualnie, w zale\u017cno\u015bci od zastosowanych materia\u0142\u00f3w i technologii. Do ka\u017cdego zlecenia podchodzimy profesjonalnie, zgodnie z obowi\u0105zuj\u0105cymi przepisami i wiedz\u0105 techniczn\u0105, terminowo wywi\u0105zujemy si\u0119 z zawartych um\u00f3w. W przypadku w\u0105tpliwo\u015bci staramy si\u0119 s\u0142u\u017cy\u0107 nasz\u0105 wiedz\u0105 &hellip;<\/p>\n<p class=\"read-more\"> <a class=\"\" href=\"https:\/\/sitkowscy.com.pl\/index.php\/services\/\"> <span class=\"screen-reader-text\">Services<\/span> Read More &raquo;<\/a><\/p>\n","protected":false},"author":2,"featured_media":0,"parent":0,"menu_order":0,"comment_status":"closed","ping_status":"closed","template":"","meta":[],"_links":{"self":[{"href":"https:\/\/sitkowscy.com.pl\/index.php\/wp-json\/wp\/v2\/pages\/350"}],"collection":[{"href":"https:\/\/sitkowscy.com.pl\/index.php\/wp-json\/wp\/v2\/pages"}],"about":[{"href":"https:\/\/sitkowscy.com.pl\/index.php\/wp-json\/wp\/v2\/types\/page"}],"author":[{"embeddable":true,"href":"https:\/\/sitkowscy.com.pl\/index.php\/wp-json\/wp\/v2\/users\/2"}],"replies":[{"embeddable":true,"href":"https:\/\/sitkowscy.com.pl\/index.php\/wp-json\/wp\/v2\/comments?post=350"}],"version-history":[{"count":157,"href":"https:\/\/sitkowscy.com.pl\/index.php\/wp-json\/wp\/v2\/pages\/350\/revisions"}],"predecessor-version":[{"id":1206,"href":"https:\/\/sitkowscy.com.pl\/index.php\/wp-json\/wp\/v2\/pages\/350\/revisions\/1206"}],"wp:attachment":[{"href":"https:\/\/sitkowscy.com.pl\/index.php\/wp-json\/wp\/v2\/media?parent=350"}],"curies":[{"name":"wp","href":"https:\/\/api.w.org\/{rel}","templated":true}]}}